{"id":76,"date":"2023-06-02T14:29:53","date_gmt":"2023-06-02T14:29:53","guid":{"rendered":"https:\/\/kidsschool.com.ar\/blog3\/?page_id=76"},"modified":"2023-06-02T16:24:32","modified_gmt":"2023-06-02T16:24:32","slug":"admisiones","status":"publish","type":"page","link":"https:\/\/kidsschool.com.ar\/blog3\/admisiones\/","title":{"rendered":"Admisiones"},"content":{"rendered":"<p><strong>Admisiones<\/strong><\/p>\n<p>Para el Instituto Privado Kid\u2019s School es importante fomentar una relaci\u00f3n directa entre el alumno, su familia y la instituci\u00f3n. De manera de establecer distintas normas y pautas para el ingreso a trav\u00e9s del proceso de admisi\u00f3n que consiste en cumplimentar cada uno de los pasos descriptos posteriormente.<br \/>\nSabemos que la elecci\u00f3n de una instituci\u00f3n educativa para la formaci\u00f3n integral y acad\u00e9mica de su hijo\/a es de suma importancia, por eso queremos acompa\u00f1arlos en cada una de estas instancias.<\/p>\n<p><strong>PASO 1:<\/strong><br \/>\nCompletar el siguiente formulario de admisi\u00f3n:<br \/>\n<a href=\"https:\/\/forms.gle\/MrZthE5QZEsCN9UZ8\">https:\/\/forms.gle\/MrZthE5QZEsCN9UZ8<\/a><\/p>\n<p><strong>PASO 2:<\/strong><br \/>\nLa secretar\u00eda del colegio se comunicar\u00e1 con los solicitantes para coordinar una entrevista inicial de la Direcci\u00f3n General con padres y alumnos. De esta manera, haremos nuestro primer acercamiento para conocer a la familia y les brindaremos informaci\u00f3n de la propuesta educativa y de los requisitos para la inscripci\u00f3n.<\/p>\n<p><strong>PASO 3:<\/strong><br \/>\nUna vez finalizadas estas etapas, la secretar\u00eda del colegio se pondr\u00e1 en contacto para continuar con el Proceso Administrativo de Inscripci\u00f3n, en el caso de que contaramos con vacantes disponibles para el nivel solicitado.<\/p>\n","protected":false},"excerpt":{"rendered":"<p>Admisiones Para el Instituto Privado Kid\u2019s School es importante fomentar una relaci\u00f3n directa entre el alumno, su familia y la instituci\u00f3n. De manera de establecer distintas normas y pautas para el ingreso a trav\u00e9s del proceso de admisi\u00f3n que consiste en cumplimentar cada uno de los pasos descriptos posteriormente. Sabemos que la elecci\u00f3n de una [&hellip;]<\/p>\n","protected":false},"author":2,"featured_media":0,"parent":0,"menu_order":0,"comment_status":"closed","ping_status":"closed","template":"","meta":{"footnotes":""},"class_list":["post-76","page","type-page","status-publish","hentry"],"_links":{"self":[{"href":"https:\/\/kidsschool.com.ar\/blog3\/wp-json\/wp\/v2\/pages\/76","targetHints":{"allow":["GET"]}}],"collection":[{"href":"https:\/\/kidsschool.com.ar\/blog3\/wp-json\/wp\/v2\/pages"}],"about":[{"href":"https:\/\/kidsschool.com.ar\/blog3\/wp-json\/wp\/v2\/types\/page"}],"author":[{"embeddable":true,"href":"https:\/\/kidsschool.com.ar\/blog3\/wp-json\/wp\/v2\/users\/2"}],"replies":[{"embeddable":true,"href":"https:\/\/kidsschool.com.ar\/blog3\/wp-json\/wp\/v2\/comments?post=76"}],"version-history":[{"count":2,"href":"https:\/\/kidsschool.com.ar\/blog3\/wp-json\/wp\/v2\/pages\/76\/revisions"}],"predecessor-version":[{"id":119,"href":"https:\/\/kidsschool.com.ar\/blog3\/wp-json\/wp\/v2\/pages\/76\/revisions\/119"}],"wp:attachment":[{"href":"https:\/\/kidsschool.com.ar\/blog3\/wp-json\/wp\/v2\/media?parent=76"}],"curies":[{"name":"wp","href":"https:\/\/api.w.org\/{rel}","templated":true}]}}