{"id":74,"date":"2023-06-02T14:29:13","date_gmt":"2023-06-02T14:29:13","guid":{"rendered":"https:\/\/kidsschool.com.ar\/blog3\/?page_id=74"},"modified":"2025-02-24T22:26:34","modified_gmt":"2025-02-24T22:26:34","slug":"formularios","status":"publish","type":"page","link":"https:\/\/kidsschool.com.ar\/blog3\/formularios\/","title":{"rendered":"Formularios"},"content":{"rendered":"<p><strong>Formularios<\/strong><\/p>\n<p><a href=\"https:\/\/kidsschool.com.ar\/blog3\/wp-content\/uploads\/2024\/08\/ficha-de-inscripcion.pdf\">Ficha de inscripci\u00f3n<\/a><\/p>\n<p><a href=\"https:\/\/kidsschool.com.ar\/blog3\/wp-content\/uploads\/2025\/02\/FICHA-EMERGENCIAS-MEDICA-1.docx\">FICHA EMERGENCIAS MEDICA<\/a>(nueva)<\/p>\n<p><a href=\"https:\/\/kidsschool.com.ar\/blog3\/wp-content\/uploads\/2024\/08\/ficha-de-actualizacion-de-datos-alumnos.docx\">Ficha de actualizaci\u00f3n de datos alumnos<\/a><\/p>\n<p><a href=\"https:\/\/kidsschool.com.ar\/blog3\/wp-content\/uploads\/2024\/08\/ficha-medica.pdf\">Ficha m\u00e9dica<\/a><\/p>\n<p><a href=\"https:\/\/kidsschool.com.ar\/blog3\/wp-content\/uploads\/2024\/08\/ficha-autorizacion-retiro-solo.pdf\">Ficha autorizaci\u00f3n retiro solo<\/a><\/p>\n<p><a href=\"https:\/\/kidsschool.com.ar\/blog3\/wp-content\/uploads\/2024\/08\/ficha-autorizacion-para-retirar-alumno.pdf\">Ficha autorizaci\u00f3n para retirar alumno<\/a><\/p>\n<p>&nbsp;<\/p>\n","protected":false},"excerpt":{"rendered":"<p>Formularios Ficha de inscripci\u00f3n FICHA EMERGENCIAS MEDICA(nueva) Ficha de actualizaci\u00f3n de datos alumnos Ficha m\u00e9dica Ficha autorizaci\u00f3n retiro solo Ficha autorizaci\u00f3n para retirar alumno &nbsp;<\/p>\n","protected":false},"author":2,"featured_media":0,"parent":0,"menu_order":0,"comment_status":"closed","ping_status":"closed","template":"","meta":{"footnotes":""},"class_list":["post-74","page","type-page","status-publish","hentry"],"_links":{"self":[{"href":"https:\/\/kidsschool.com.ar\/blog3\/wp-json\/wp\/v2\/pages\/74","targetHints":{"allow":["GET"]}}],"collection":[{"href":"https:\/\/kidsschool.com.ar\/blog3\/wp-json\/wp\/v2\/pages"}],"about":[{"href":"https:\/\/kidsschool.com.ar\/blog3\/wp-json\/wp\/v2\/types\/page"}],"author":[{"embeddable":true,"href":"https:\/\/kidsschool.com.ar\/blog3\/wp-json\/wp\/v2\/users\/2"}],"replies":[{"embeddable":true,"href":"https:\/\/kidsschool.com.ar\/blog3\/wp-json\/wp\/v2\/comments?post=74"}],"version-history":[{"count":11,"href":"https:\/\/kidsschool.com.ar\/blog3\/wp-json\/wp\/v2\/pages\/74\/revisions"}],"predecessor-version":[{"id":2599,"href":"https:\/\/kidsschool.com.ar\/blog3\/wp-json\/wp\/v2\/pages\/74\/revisions\/2599"}],"wp:attachment":[{"href":"https:\/\/kidsschool.com.ar\/blog3\/wp-json\/wp\/v2\/media?parent=74"}],"curies":[{"name":"wp","href":"https:\/\/api.w.org\/{rel}","templated":true}]}}