{"id":71,"date":"2023-06-02T14:28:46","date_gmt":"2023-06-02T14:28:46","guid":{"rendered":"https:\/\/kidsschool.com.ar\/blog3\/?page_id=71"},"modified":"2023-06-03T13:35:11","modified_gmt":"2023-06-03T13:35:11","slug":"historia","status":"publish","type":"page","link":"https:\/\/kidsschool.com.ar\/blog3\/historia\/","title":{"rendered":"Historia"},"content":{"rendered":"<p><strong>Nuestra historia<\/strong><\/p>\n<p>El Instituto Privado Kid\u00b4s School abri\u00f3 sus puertas en el a\u00f1o 1995.<br \/>\nEn ese momento la instituci\u00f3n contaba \u00fanicamente con el Jard\u00edn Maternal, y una sala de Nivel Inicial (3 a\u00f1os) luego con el correr de los a\u00f1os 1996,1997 se completo el Nivel Inicial con la apertura de las salas de 4 y 5 a\u00f1os.<\/p>\n<p><a href=\"https:\/\/kidsschool.com.ar\/blog3\/wp-content\/uploads\/2023\/06\/historia-fdo1.jpg\"><img loading=\"lazy\" decoding=\"async\" class=\"alignnone wp-image-164 size-large\" src=\"https:\/\/kidsschool.com.ar\/blog3\/wp-content\/uploads\/2023\/06\/historia-fdo1-1024x235.jpg\" alt=\"\" width=\"1024\" height=\"235\" srcset=\"https:\/\/kidsschool.com.ar\/blog3\/wp-content\/uploads\/2023\/06\/historia-fdo1-1024x235.jpg 1024w, https:\/\/kidsschool.com.ar\/blog3\/wp-content\/uploads\/2023\/06\/historia-fdo1-300x69.jpg 300w, https:\/\/kidsschool.com.ar\/blog3\/wp-content\/uploads\/2023\/06\/historia-fdo1-768x176.jpg 768w, https:\/\/kidsschool.com.ar\/blog3\/wp-content\/uploads\/2023\/06\/historia-fdo1-1536x352.jpg 1536w, https:\/\/kidsschool.com.ar\/blog3\/wp-content\/uploads\/2023\/06\/historia-fdo1.jpg 1916w\" sizes=\"auto, (max-width: 1024px) 100vw, 1024px\" \/><\/a><\/p>\n<p>En 1997 acompa\u00f1ados por nuestra comunidad educativa se presento la propuesta educativa para EGB1 la que inclu\u00eda adem\u00e1s de las materias curriculares dictadas en el turno ma\u00f1ana , la propuesta de talleres intensivos de ingl\u00e9s, computaci\u00f3n, educaci\u00f3n f\u00edsica y pl\u00e1stica en el turno tarde, tres veces a la semana.<br \/>\nA partir de ese momento comenzamos a transitar un nuevo camino con nuestros egresados del Nivel Inicial que continuaban en nuestra instituci\u00f3n.<\/p>\n<p>Siempre apoyados por nuestros tutores emprendimos nuevas alternativas modificando y ampliando la propuesta educativa en funci\u00f3n de las necesidades que hoy presenta nuestra sociedad y para lo cual como educadores debemos prepararlos, desarrollando sus potencialidades al m\u00e1ximo.<\/p>\n<p>Por tal motivo en el a\u00f1o 2000 lanzamos nuestra propuesta institucional biling\u00fce en la cu\u00e1l los alumnos deber\u00edan cursar en el turno tarde dos horas diarias del idioma cuatro d\u00edas a la semana y un d\u00eda destinado al deporte.<\/p>\n<p><a href=\"https:\/\/kidsschool.com.ar\/blog3\/wp-content\/uploads\/2023\/06\/historia-fdo2.jpg\"><img loading=\"lazy\" decoding=\"async\" class=\"alignnone wp-image-165 size-large\" src=\"https:\/\/kidsschool.com.ar\/blog3\/wp-content\/uploads\/2023\/06\/historia-fdo2-1024x235.jpg\" alt=\"\" width=\"1024\" height=\"235\" srcset=\"https:\/\/kidsschool.com.ar\/blog3\/wp-content\/uploads\/2023\/06\/historia-fdo2-1024x235.jpg 1024w, https:\/\/kidsschool.com.ar\/blog3\/wp-content\/uploads\/2023\/06\/historia-fdo2-300x69.jpg 300w, https:\/\/kidsschool.com.ar\/blog3\/wp-content\/uploads\/2023\/06\/historia-fdo2-768x176.jpg 768w, https:\/\/kidsschool.com.ar\/blog3\/wp-content\/uploads\/2023\/06\/historia-fdo2-1536x352.jpg 1536w, https:\/\/kidsschool.com.ar\/blog3\/wp-content\/uploads\/2023\/06\/historia-fdo2.jpg 1916w\" sizes=\"auto, (max-width: 1024px) 100vw, 1024px\" \/><\/a><\/p>\n<p>Lentamente y cuidando la calidad educativa los alumnos al finalizar el 3\u00ba a\u00f1o de la EGB 1 promocionaron a la EGB2 nuevo nivel que se incorporaba a la propuesta institucional con la variable de la carga horaria del idioma ingles que aumentaba en tres horas diarias, durante cuatro d\u00edas en la semana.<\/p>\n<p>Los alumnos del colegio fueron rindiendo los ex\u00e1menes internacionales de TRINITY COLLEGE , a\u00f1o a a\u00f1o exitosamente. Y donde demostraban su preparaci\u00f3n acad\u00e9mica `frente a examinadores nativos.<\/p>\n<p><a href=\"https:\/\/kidsschool.com.ar\/blog3\/wp-content\/uploads\/2023\/06\/historia-fdo3.jpg\"><img loading=\"lazy\" decoding=\"async\" class=\"alignnone wp-image-166 size-large\" src=\"https:\/\/kidsschool.com.ar\/blog3\/wp-content\/uploads\/2023\/06\/historia-fdo3-1024x235.jpg\" alt=\"\" width=\"1024\" height=\"235\" srcset=\"https:\/\/kidsschool.com.ar\/blog3\/wp-content\/uploads\/2023\/06\/historia-fdo3-1024x235.jpg 1024w, https:\/\/kidsschool.com.ar\/blog3\/wp-content\/uploads\/2023\/06\/historia-fdo3-300x69.jpg 300w, https:\/\/kidsschool.com.ar\/blog3\/wp-content\/uploads\/2023\/06\/historia-fdo3-768x176.jpg 768w, https:\/\/kidsschool.com.ar\/blog3\/wp-content\/uploads\/2023\/06\/historia-fdo3-1536x352.jpg 1536w, https:\/\/kidsschool.com.ar\/blog3\/wp-content\/uploads\/2023\/06\/historia-fdo3.jpg 1916w\" sizes=\"auto, (max-width: 1024px) 100vw, 1024px\" \/><\/a><\/p>\n<p>Hoy ya transitando el 2013 contamos con todos los niveles inicial, primaria, y secundaria (con modalidad en Ciencias Naturales y Econom\u00eda y Gesti\u00f3n), y adem\u00e1s de la Educaci\u00f3n Biling\u00fce con materias acad\u00e9micas en el idioma y atendiendo a las necesidades del alumnado que ingresa a nuestra comunidad educativa y que no han tenido la experiencia biling\u00fce en su escolaridad anterior, se ha dise\u00f1ado la propuesta de la simple escolaridad con una carga horaria de 5 horas semanales de idioma ingl\u00e9s partiendo de lo elemental, a fin de que todos los alumnos logren en \u00e9sta modalidad tener conocimientos de \u00e9sta lengua extranjera tan necesaria para insertarse en el mundo laboral.<\/p>\n<p>Finalizando el nivel secundario los alumnos que realizan la doble escolaridad rendir\u00e1n los ex\u00e1menes internacionales de la Universidad de Cambridge . Ket (Key English Test) PET (Preliminary English Test) FCE (First Certificate)<\/p>\n","protected":false},"excerpt":{"rendered":"<p>Nuestra historia El Instituto Privado Kid\u00b4s School abri\u00f3 sus puertas en el a\u00f1o 1995. En ese momento la instituci\u00f3n contaba \u00fanicamente con el Jard\u00edn Maternal, y una sala de Nivel Inicial (3 a\u00f1os) luego con el correr de los a\u00f1os 1996,1997 se completo el Nivel Inicial con la apertura de las salas de 4 y [&hellip;]<\/p>\n","protected":false},"author":2,"featured_media":0,"parent":0,"menu_order":0,"comment_status":"closed","ping_status":"closed","template":"","meta":{"footnotes":""},"class_list":["post-71","page","type-page","status-publish","hentry"],"_links":{"self":[{"href":"https:\/\/kidsschool.com.ar\/blog3\/wp-json\/wp\/v2\/pages\/71","targetHints":{"allow":["GET"]}}],"collection":[{"href":"https:\/\/kidsschool.com.ar\/blog3\/wp-json\/wp\/v2\/pages"}],"about":[{"href":"https:\/\/kidsschool.com.ar\/blog3\/wp-json\/wp\/v2\/types\/page"}],"author":[{"embeddable":true,"href":"https:\/\/kidsschool.com.ar\/blog3\/wp-json\/wp\/v2\/users\/2"}],"replies":[{"embeddable":true,"href":"https:\/\/kidsschool.com.ar\/blog3\/wp-json\/wp\/v2\/comments?post=71"}],"version-history":[{"count":4,"href":"https:\/\/kidsschool.com.ar\/blog3\/wp-json\/wp\/v2\/pages\/71\/revisions"}],"predecessor-version":[{"id":167,"href":"https:\/\/kidsschool.com.ar\/blog3\/wp-json\/wp\/v2\/pages\/71\/revisions\/167"}],"wp:attachment":[{"href":"https:\/\/kidsschool.com.ar\/blog3\/wp-json\/wp\/v2\/media?parent=71"}],"curies":[{"name":"wp","href":"https:\/\/api.w.org\/{rel}","templated":true}]}}