{"id":126,"date":"2023-06-02T19:57:06","date_gmt":"2023-06-02T19:57:06","guid":{"rendered":"https:\/\/kidsschool.com.ar\/blog3\/?page_id=126"},"modified":"2023-06-02T20:05:25","modified_gmt":"2023-06-02T20:05:25","slug":"nivel-inicial","status":"publish","type":"page","link":"https:\/\/kidsschool.com.ar\/blog3\/nivel-inicial\/","title":{"rendered":"Nivel Inicial"},"content":{"rendered":"<p>Desde los primeros a\u00f1os de vida, y a partir de las propias posibilidades de cada ni\u00f1o, <strong>este nivel brinda oportunidades mediante experiencias adecuadas, tanto en cantidad como en calidad, que contribuyen a la mejor estructuraci\u00f3n de la personalidad.<\/strong><\/p>\n<p>La capacidad de aprender que toda persona manifiesta debe ser estimulada y ejercitada de manera tal que, al ir alcanzando los diversos logros, el ni\u00f1o pueda llevar a cabo nuevas conquistas.<\/p>\n<p><strong>El juego ser\u00e1 la base fundamental<\/strong> para toda realizaci\u00f3n poniendo una serie de actividades organizadas que posibiliten la actuaci\u00f3n natural y espont\u00e1nea de cada ni\u00f1o.<\/p>\n<p><strong><em>As\u00ed logramos ni\u00f1os curiosos, activos y participativos que exploren, investiguen, se equivoquen y revisen sus conocimientos, a la vez que aprendan normas de comportamiento social.<\/em><\/strong><\/p>\n","protected":false},"excerpt":{"rendered":"<p>Desde los primeros a\u00f1os de vida, y a partir de las propias posibilidades de cada ni\u00f1o, este nivel brinda oportunidades mediante experiencias adecuadas, tanto en cantidad como en calidad, que contribuyen a la mejor estructuraci\u00f3n de la personalidad. La capacidad de aprender que toda persona manifiesta debe ser estimulada y ejercitada de manera tal que, [&hellip;]<\/p>\n","protected":false},"author":2,"featured_media":0,"parent":0,"menu_order":0,"comment_status":"closed","ping_status":"closed","template":"","meta":{"footnotes":""},"class_list":["post-126","page","type-page","status-publish","hentry"],"_links":{"self":[{"href":"https:\/\/kidsschool.com.ar\/blog3\/wp-json\/wp\/v2\/pages\/126","targetHints":{"allow":["GET"]}}],"collection":[{"href":"https:\/\/kidsschool.com.ar\/blog3\/wp-json\/wp\/v2\/pages"}],"about":[{"href":"https:\/\/kidsschool.com.ar\/blog3\/wp-json\/wp\/v2\/types\/page"}],"author":[{"embeddable":true,"href":"https:\/\/kidsschool.com.ar\/blog3\/wp-json\/wp\/v2\/users\/2"}],"replies":[{"embeddable":true,"href":"https:\/\/kidsschool.com.ar\/blog3\/wp-json\/wp\/v2\/comments?post=126"}],"version-history":[{"count":2,"href":"https:\/\/kidsschool.com.ar\/blog3\/wp-json\/wp\/v2\/pages\/126\/revisions"}],"predecessor-version":[{"id":135,"href":"https:\/\/kidsschool.com.ar\/blog3\/wp-json\/wp\/v2\/pages\/126\/revisions\/135"}],"wp:attachment":[{"href":"https:\/\/kidsschool.com.ar\/blog3\/wp-json\/wp\/v2\/media?parent=126"}],"curies":[{"name":"wp","href":"https:\/\/api.w.org\/{rel}","templated":true}]}}