{"id":124,"date":"2023-06-02T19:50:12","date_gmt":"2023-06-02T19:50:12","guid":{"rendered":"https:\/\/kidsschool.com.ar\/blog3\/?page_id=124"},"modified":"2023-06-02T20:04:29","modified_gmt":"2023-06-02T20:04:29","slug":"nivel-primario","status":"publish","type":"page","link":"https:\/\/kidsschool.com.ar\/blog3\/nivel-primario\/","title":{"rendered":"Nivel Primario"},"content":{"rendered":"<p>Nos basamos en la incorporaci\u00f3n de <strong>aprendizajes significativos<\/strong> que estimulan al alumno a formular hip\u00f3tesis, ampliar su campo de conocimientos, confrontar ideas y construir un pensamiento cr\u00edtico y reflexivo, que le permita resolver situaciones desde su razonamiento.<\/p>\n<p>Se desarrollan todas las \u00e1reas acad\u00e9micas destac\u00e1ndose en las mismas las \u00e1reas de <strong>ingl\u00e9s e inform\u00e1tica<\/strong>.<\/p>\n<p>Los alumnos que realizan la <strong>escolaridad biling\u00fce<\/strong> adem\u00e1s de asistir en el turno ma\u00f1ana a cursar las \u00e1reas curriculares oficiales deben realizar la doble escolaridad en el turno tarde donde se desarrollan las \u00e1reas acad\u00e9micas y habilidades del idioma (Listening, Speaking, Reading, Writing, Science, Language), permiti\u00e9ndoles manejar de forma fluida y natural la lengua y desarrollar habilidades de <strong>comprensi\u00f3n auditiva, lectora y capacidades de expresi\u00f3n oral y escrita.<\/strong><\/p>\n","protected":false},"excerpt":{"rendered":"<p>Nos basamos en la incorporaci\u00f3n de aprendizajes significativos que estimulan al alumno a formular hip\u00f3tesis, ampliar su campo de conocimientos, confrontar ideas y construir un pensamiento cr\u00edtico y reflexivo, que le permita resolver situaciones desde su razonamiento. Se desarrollan todas las \u00e1reas acad\u00e9micas destac\u00e1ndose en las mismas las \u00e1reas de ingl\u00e9s e inform\u00e1tica. Los alumnos [&hellip;]<\/p>\n","protected":false},"author":2,"featured_media":0,"parent":0,"menu_order":0,"comment_status":"closed","ping_status":"closed","template":"","meta":{"footnotes":""},"class_list":["post-124","page","type-page","status-publish","hentry"],"_links":{"self":[{"href":"https:\/\/kidsschool.com.ar\/blog3\/wp-json\/wp\/v2\/pages\/124","targetHints":{"allow":["GET"]}}],"collection":[{"href":"https:\/\/kidsschool.com.ar\/blog3\/wp-json\/wp\/v2\/pages"}],"about":[{"href":"https:\/\/kidsschool.com.ar\/blog3\/wp-json\/wp\/v2\/types\/page"}],"author":[{"embeddable":true,"href":"https:\/\/kidsschool.com.ar\/blog3\/wp-json\/wp\/v2\/users\/2"}],"replies":[{"embeddable":true,"href":"https:\/\/kidsschool.com.ar\/blog3\/wp-json\/wp\/v2\/comments?post=124"}],"version-history":[{"count":3,"href":"https:\/\/kidsschool.com.ar\/blog3\/wp-json\/wp\/v2\/pages\/124\/revisions"}],"predecessor-version":[{"id":134,"href":"https:\/\/kidsschool.com.ar\/blog3\/wp-json\/wp\/v2\/pages\/124\/revisions\/134"}],"wp:attachment":[{"href":"https:\/\/kidsschool.com.ar\/blog3\/wp-json\/wp\/v2\/media?parent=124"}],"curies":[{"name":"wp","href":"https:\/\/api.w.org\/{rel}","templated":true}]}}